{"id":72,"date":"2023-11-15T03:10:48","date_gmt":"2023-11-15T00:10:48","guid":{"rendered":"https:\/\/drabun.com\/?post_type=product&#038;p=72"},"modified":"2025-12-27T18:54:55","modified_gmt":"2025-12-27T15:54:55","slug":"aniklip","status":"publish","type":"product","link":"https:\/\/drabun.com\/index.php\/product\/aniklip\/","title":{"rendered":"An\u0131Klip"},"content":{"rendered":"<p>Sevgililer g\u00fcn\u00fcne,do\u011fum g\u00fcnlerine, evlilik y\u0131ld\u00f6n\u00fcmlerinden yeni do\u011fan bebeklerin ilk g\u00fcl\u00fcmsemelerine kadar; Drabun, bu \u00f6zel anlar\u0131 bir araya getirerek duygu dolu klipler haline getiriyor.<\/p>\n<p>Klipte kullan\u0131lacak g\u00f6rsel\/video taraf\u0131m\u0131za ula\u015ft\u0131r\u0131ld\u0131ktan sonra 3 saat i\u00e7erisinde size teslim edilir.<\/p>\n<p>Sat\u0131n al\u0131m\u0131 yapt\u0131ktan sonra bize klipte kullan\u0131lacak g\u00f6rsel\/videolar\u0131;<\/p>\n<p><strong>E-Mail\u00a0 : drabundestek@gmail.com<\/strong><\/p>\n<p><strong>Whatsapp Hatt\u0131m\u0131z : 0530 912 80 04<\/strong><\/p>\n","protected":false},"excerpt":{"rendered":"<p>Sevgililer g\u00fcn\u00fcne,do\u011fum g\u00fcnlerine, evlilik y\u0131ld\u00f6n\u00fcmlerinden yeni do\u011fan bebeklerin ilk g\u00fcl\u00fcmsemelerine kadar; Drabun, bu \u00f6zel anlar\u0131 bir araya getirerek duygu dolu klipler haline getiriyor.<\/p>\n","protected":false},"featured_media":52,"comment_status":"open","ping_status":"closed","template":"","meta":[],"product_cat":[18],"product_tag":[],"aioseo_notices":[],"_links":{"self":[{"href":"https:\/\/drabun.com\/index.php\/wp-json\/wp\/v2\/product\/72"}],"collection":[{"href":"https:\/\/drabun.com\/index.php\/wp-json\/wp\/v2\/product"}],"about":[{"href":"https:\/\/drabun.com\/index.php\/wp-json\/wp\/v2\/types\/product"}],"replies":[{"embeddable":true,"href":"https:\/\/drabun.com\/index.php\/wp-json\/wp\/v2\/comments?post=72"}],"wp:featuredmedia":[{"embeddable":true,"href":"https:\/\/drabun.com\/index.php\/wp-json\/wp\/v2\/media\/52"}],"wp:attachment":[{"href":"https:\/\/drabun.com\/index.php\/wp-json\/wp\/v2\/media?parent=72"}],"wp:term":[{"taxonomy":"product_cat","embeddable":true,"href":"https:\/\/drabun.com\/index.php\/wp-json\/wp\/v2\/product_cat?post=72"},{"taxonomy":"product_tag","embeddable":true,"href":"https:\/\/drabun.com\/index.php\/wp-json\/wp\/v2\/product_tag?post=72"}],"curies":[{"name":"wp","href":"https:\/\/api.w.org\/{rel}","templated":true}]}}